{"id":500,"date":"2012-03-04T19:03:14","date_gmt":"2012-03-04T18:03:14","guid":{"rendered":"http:\/\/agensea.org\/?page_id=500"},"modified":"2024-08-20T15:49:59","modified_gmt":"2024-08-20T13:49:59","slug":"wie-zijn-wij","status":"publish","type":"page","link":"https:\/\/agensea.org\/?page_id=500","title":{"rendered":"Wie wij zijn"},"content":{"rendered":"\n<p class=\"has-text-align-left\">De stichting is opgericht door en werkt nauw samen met de Nationale Geestelijke Raad van de bah\u00e1\u2019\u00eds van Nederland, een rechtspersoon naar Nederlands recht. De belangrijkste taak van Agensea is het ondersteunen van lokale en duurzame initiatieven voor sociale en economische ontwikkelingen in materieel minder welvarende gebieden in de wereld. Agensea voorziet zorgvuldig uitgekozen lokale partners van fondsen die nodig zijn om hun doelen te bereiken. De lokale projecten die worden ondersteund komen altijd de hele gemeenschap ten goede, ongeacht geloof, geslacht, etc.<\/p>\n\n\n\n<p class=\"has-text-align-left\">Agensea heeft potentiele partners in ruim 170 landen en onafhankelijke gebieden in de wereld. Na enkele jaren betrokken te zijn geweest bij de ontwikkeling van een school in het binnenland van Suriname en het Inshindo-project in Zambia, is de aandacht sinds 2013 gericht op het Fondacion Bayan in Honduras. Aandachtsgebieden in dit project zijn gemeenschapsontwikkeling, gezondheid, scholing, zelfvoorzienend zijn, communicatie en samenwerking.<\/p>\n\n\n\n<p class=\"has-text-align-left\">Agensea heeft de ANBI-status en gaat niet in op verzoeken van derden voor geld of samenwerking.<br>Het bestuur van Agensea wordt benoemd door de Nationale Geestelijke Raad van de bah\u00e1\u2019\u00eds van Nederland en bestaat op dit moment uit:<\/p>\n\n\n\n<p><span style=\"text-decoration: underline;\"><strong><span style=\"color: #000000;\"><span style=\"font-size: small;\">Sylvia Karlsson-Vinkhuyzen (voorzitter)<\/span><\/span><\/strong><\/span><\/p>\n\n\n<div class=\"wp-block-image\">\n<figure class=\"alignleft is-resized\"><a href=\"http:\/\/agensea.org\/wp-content\/uploads\/2012\/03\/Sylvia_Karlsson_Vinkhuyzen.jpg\"><img loading=\"lazy\" decoding=\"async\" width=\"275\" height=\"183\" src=\"http:\/\/agensea.org\/wp-content\/uploads\/2012\/03\/Sylvia_Karlsson_Vinkhuyzen.jpg\" alt=\"\" class=\"wp-image-580\" style=\"width:193px;height:auto\" title=\"Sylvia_Karlsson_Vinkhuyzen\"\/><\/a><\/figure><\/div>\n\n\n<p>Sylvia (1970) werkt sinds 2011 bij de Public Administration and Policy groep van Wageningen Universiteit (huidige positie: universitair hoofddocent) en is adjunct professor in Global Environmental Governance aan de universiteit van Helsinky, Finland. Sylvia behaalde haar masters in biologie aan de universiteit van Uppsala en promoveerde in de politieke wetenschappen in Link\u00f6ping, beide in Zweden. Zij heeft in tal van internationale wetenschappelijke tijdschriften gepubliceerd. Voordat zij naar Wageningen kwam heeft zij onderzoek gedaan aan Yale University (VS), Turku University (Finland) en aan de Universiteit Leiden. In haar huidige onderzoek en onderwijs concentreert zij zich op mondiaal bestuur en bestuuursniveaus (global and multilevel governance) betreffende duurzame ontwikkeling, biodiversiteit en klimaatverandering. Zij is hiertoe ondermeer lid van IPBES (Intergovernmental Platform for Biodiversity and Ecosystem Services.<\/p>\n\n\n\n<p>Vanaf haar jeugd is zij actief geweest in organisaties zoals het Rode Kruis, de Zweedse vereniging voor natuurbescherming en de Zweedse vereniging voor de Verenigde Naties. In 1997 was een van de oprichters van het IEF (International Environment Forum, nu uitgegroeid tot ruim 300 leden in 57 landen in vijf werelddelen). Het IEF was bijvoorbeeld nauw betrokken bij het opstellen van het Earth Charter en was als wetenschappelijke en technologische organisatie geaccrediteerd bij de World Summit on Sustainable Development (WSSD Johannesburg 2002) en de VN Conferentie over Duurzame Ontwikkeling (Rio+20, Rio de Janeiro 2012). Sylvia was meer dan tien jaar lid van het bestuur van de Britse stichting One World Trust en heeft drie jaar in het bestuur van CIVICUS gediend. In 2009 werd zij lid van het bestuur van Agensea.<\/p>\n\n\n\n<p><span style=\"text-decoration: underline;\"><strong><span style=\"color: #000000;\"><span style=\"font-size: small;\">Onno Frank van Bekkum (tijdelijk bestuurder)<\/span><\/span><\/strong><\/span><\/p>\n\n\n<div class=\"wp-block-image\">\n<figure class=\"alignleft is-resized\"><a href=\"https:\/\/agensea.org\/wp-content\/uploads\/2024\/08\/Onno-Frank-van-Bekkum.jpg\"><img loading=\"lazy\" decoding=\"async\" width=\"868\" height=\"868\" src=\"https:\/\/agensea.org\/wp-content\/uploads\/2024\/08\/Onno-Frank-van-Bekkum.jpg\" alt=\"\" class=\"wp-image-1121\" style=\"width:140px;height:auto\" title=\"Onno Frank van Bekkum\" srcset=\"https:\/\/agensea.org\/wp-content\/uploads\/2024\/08\/Onno-Frank-van-Bekkum.jpg 868w, https:\/\/agensea.org\/wp-content\/uploads\/2024\/08\/Onno-Frank-van-Bekkum-300x300.jpg 300w, https:\/\/agensea.org\/wp-content\/uploads\/2024\/08\/Onno-Frank-van-Bekkum-150x150.jpg 150w, https:\/\/agensea.org\/wp-content\/uploads\/2024\/08\/Onno-Frank-van-Bekkum-768x768.jpg 768w, https:\/\/agensea.org\/wp-content\/uploads\/2024\/08\/Onno-Frank-van-Bekkum-144x144.jpg 144w\" sizes=\"auto, (max-width: 868px) 100vw, 868px\" \/><\/a><\/figure><\/div>\n\n\n<p>Onno-Frank (1969) studeerde agrarische economie in Wageningen (1988-93) met de bedoeling om af te studeren in de ontwikkelingseconomie. Dat werd uiteindelijk de landbouwpolitiek en de landbouwtransitie in Midden- en Oost-Europa. In de eindfase van zijn studie kwam hij de co\u00f6peratie tegen, in die tijd vooral prominent in en om de land- en tuinbouw. Na enkele jaren werkzaam op economisch onderzoek bij Rabobank Nederland, promoveerde hij bij Nyenrode Business Universiteit (2001) op een proefschrift over de governance en financiering van \u2019s werelds grootste zuivelco\u00f6peraties. Daar bleef hij tot eind 2009 toen hij zijn eigen bureau voor co\u00f6peratie-ontwikkeling startte en van waaruit hij nog steeds actief is, vooral met het structureren van co\u00f6peraties in de beginfase van hun ontwikkeling, vaak met een maatschappelijk gedreven missie. Hij is zelf ook bestuurslid (en geweest) van enkele Nederlandse co\u00f6peraties, waaronder ONE Co\u00f6peratie. Onno-Frank groeide op binnen de bah\u00e1\u2019\u00ed-gemeenschap, werkte na zijn middelbare school een jaar als tuinman-vrijwilliger op het Bah\u00e1\u2019\u00ed Wereldcentrum in Haifa, Isra\u00ebl, en dient op dit moment in een van de nationale instellingen van de bah\u00e1\u2019\u00ed-gemeenschap. Onno-Frank is in juli 2024 toegevoegd als algemeen bestuurder op tijdelijke basis om de doorontwikkeling van Agensea 2.0 te\u00a0ondersteunen.<\/p>\n\n\n\n<p><span style=\"text-decoration: underline;\"><strong><span style=\"font-size: small;\">Onno Vinkhuyzen (penningmeester en secretaris)<\/span><\/strong><\/span><\/p>\n\n\n<div class=\"wp-block-image\">\n<figure class=\"alignleft is-resized\"><img loading=\"lazy\" decoding=\"async\" width=\"286\" height=\"365\" src=\"http:\/\/agensea.org\/wp-content\/uploads\/2018\/05\/Onno.jpg\" alt=\"\" class=\"wp-image-958\" style=\"width:123px;height:auto\" srcset=\"https:\/\/agensea.org\/wp-content\/uploads\/2018\/05\/Onno.jpg 286w, https:\/\/agensea.org\/wp-content\/uploads\/2018\/05\/Onno-235x300.jpg 235w\" sizes=\"auto, (max-width: 286px) 100vw, 286px\" \/><\/figure><\/div>\n\n\n<p>Onno (1957) is opgegroeid in Den Haag, studeerde enkele jaren bouwkunde aan de TH Delft (nu TU Delft), heeft van verschillende vakgebieden geproefd, maar is vooral jarenlang werkzaam geweest in de ICT (databases). Momenteel is hij voornamelijk huisvader voor twee zonen (2011 en 2013) en daarnaast stelt hij energielabels op voor gebouwen. In de vrijwilligerssfeer is hij actief geweest voor het Interreligieus Beraad, Vluchtelingenwerk Delft, Ethical Business Building the Future (EBBF) en het International Environment Forum (IEF). Voor Perl Networks (Partnership for Education and Research about Responsible Living) heeft hij meegewerkt aan het ontwikkelen van indicators om de \u201czachte\u201d waarden binnen een middelbare school in kaart te brengen. Ook heeft hij trainings gegeven in Moral Leadership, een model van informeel dienend leiderschap dat ontwikkeld is en gedoceerd wordt aan Universidad Nur in Bolivia. Momenteel is hij actief in het plaatselijke taalcaf\u00e9 voor nieuwe medelanders en bij het begeleiden van klassen voor de morele opvoeding van kinderen. Onno was al jaren bij Agensea in verschillende hoedanigheden betrokken voordat hij in 2018 toetrad tot het bestuur.<\/p>\n\n\n\n<p>&nbsp;<\/p>\n","protected":false},"excerpt":{"rendered":"<p>De stichting is opgericht door en werkt nauw samen met de Nationale Geestelijke Raad van de bah\u00e1\u2019\u00eds van Nederland, een rechtspersoon naar Nederlands recht. De belangrijkste taak van Agensea is het ondersteunen van lokale en duurzame initiatieven voor sociale en economische ontwikkelingen in materieel minder welvarende gebieden in de wereld. Agensea voorziet zorgvuldig uitgekozen lokale partners van fondsen die nodig zijn om hun doelen te bereiken. De lokale projecten die worden ondersteund komen altijd de hele gemeenschap ten goede, ongeacht geloof, geslacht, etc. Agensea heeft potentiele partners in ruim 170 landen en onafhankelijke gebieden in de wereld. Na enkele jaren betrokken te zijn geweest bij de ontwikkeling van een school in het binnenland van Suriname en het Inshindo-project in Zambia, is de aandacht sinds 2013 gericht op het Fondacion Bayan in Honduras. Aandachtsgebieden in dit project zijn gemeenschapsontwikkeling, gezondheid, scholing, zelfvoorzienend zijn, communicatie en samenwerking. Agensea heeft de ANBI-status en gaat niet in op verzoeken van derden voor geld of samenwerking.Het bestuur van Agensea wordt benoemd door de Nationale Geestelijke Raad van de bah\u00e1\u2019\u00eds van Nederland en bestaat op dit moment uit: Sylvia Karlsson-Vinkhuyzen (voorzitter) Sylvia (1970) werkt sinds 2011 bij de Public Administration and Policy groep van Wageningen Universiteit [&hellip;]<\/p>\n","protected":false},"author":5,"featured_media":0,"parent":0,"menu_order":1,"comment_status":"closed","ping_status":"closed","template":"menu-nederlands.php","meta":{"footnotes":""},"class_list":["post-500","page","type-page","status-publish","hentry"],"_links":{"self":[{"href":"https:\/\/agensea.org\/index.php?rest_route=\/wp\/v2\/pages\/500","targetHints":{"allow":["GET"]}}],"collection":[{"href":"https:\/\/agensea.org\/index.php?rest_route=\/wp\/v2\/pages"}],"about":[{"href":"https:\/\/agensea.org\/index.php?rest_route=\/wp\/v2\/types\/page"}],"author":[{"embeddable":true,"href":"https:\/\/agensea.org\/index.php?rest_route=\/wp\/v2\/users\/5"}],"replies":[{"embeddable":true,"href":"https:\/\/agensea.org\/index.php?rest_route=%2Fwp%2Fv2%2Fcomments&post=500"}],"version-history":[{"count":45,"href":"https:\/\/agensea.org\/index.php?rest_route=\/wp\/v2\/pages\/500\/revisions"}],"predecessor-version":[{"id":1124,"href":"https:\/\/agensea.org\/index.php?rest_route=\/wp\/v2\/pages\/500\/revisions\/1124"}],"wp:attachment":[{"href":"https:\/\/agensea.org\/index.php?rest_route=%2Fwp%2Fv2%2Fmedia&parent=500"}],"curies":[{"name":"wp","href":"https:\/\/api.w.org\/{rel}","templated":true}]}}